{"id":28,"date":"2022-12-13T05:47:58","date_gmt":"2022-12-13T05:47:58","guid":{"rendered":"https:\/\/criptoopedia.com\/index.php\/home-2\/"},"modified":"2024-10-07T16:56:59","modified_gmt":"2024-10-07T16:56:59","slug":"home-2","status":"publish","type":"page","link":"https:\/\/criptoopedia.com\/","title":{"rendered":"Home"},"content":{"rendered":"\n<div class=\"wp-block-uagb-container uagb-block-9cf3a320 alignfull uagb-is-root-container\"><div class=\"uagb-container-inner-blocks-wrap\">\n<div class=\"wp-block-uagb-container uagb-block-eed34fa6\">\n<div class=\"wp-block-uagb-advanced-heading uagb-block-1caee7ef\"><h1 class=\"uagb-heading-text\">CRIPTOOPEDIA<\/h1><\/div>\n<\/div>\n<\/div><\/div>\n\n\n\n<div class=\"wp-block-uagb-container uagb-block-0b79f22f alignfull uagb-is-root-container\"><div class=\"uagb-container-inner-blocks-wrap\">\n<div class=\"wp-block-uagb-advanced-heading uagb-block-65c7323c\"><h6 class=\"uagb-heading-text\">Aqui hablamos sobre&#8230;<\/h6><\/div>\n\n\n\n<div class=\"wp-block-uagb-container uagb-block-e17b837d\">\n<div class=\"wp-block-uagb-container uagb-block-ed0df3e4\">\n<div class=\"wp-block-uagb-advanced-heading uagb-block-13cf293b\"><h3 class=\"uagb-heading-text\">Finanzas<\/h3><\/div>\n<\/div>\n\n\n\n<div class=\"wp-block-uagb-container uagb-block-cdc6d27c\">\n<div class=\"wp-block-uagb-advanced-heading uagb-block-5d45e1de\"><h3 class=\"uagb-heading-text\">\u200bCrypto<\/h3><\/div>\n<\/div>\n\n\n\n<div class=\"wp-block-uagb-container uagb-block-d26188c1\">\n<div class=\"wp-block-uagb-advanced-heading uagb-block-902432c7\"><h3 class=\"uagb-heading-text\">I.A<\/h3><\/div>\n<\/div>\n\n\n\n<div class=\"wp-block-uagb-container uagb-block-4fc71e62\">\n<div class=\"wp-block-uagb-advanced-heading uagb-block-2effa54c\"><h3 class=\"uagb-heading-text\">Blockchain<\/h3><\/div>\n<\/div>\n<\/div>\n\n\n\n<div class=\"wp-block-uagb-container uagb-block-6dd35e8e\">\n<div class=\"wp-block-uagb-container uagb-block-e8d3299d\">\n<div class=\"wp-block-uagb-advanced-heading uagb-block-0b05e5f7\"><h3 class=\"uagb-heading-text\">NFT\u00b4s<\/h3><\/div>\n<\/div>\n\n\n\n<div class=\"wp-block-uagb-container uagb-block-da905c37\">\n<div class=\"wp-block-uagb-advanced-heading uagb-block-2228131d\"><h3 class=\"uagb-heading-text\">Web 3.0<\/h3><\/div>\n<\/div>\n\n\n\n<div class=\"wp-block-uagb-container uagb-block-db7e134d\">\n<div class=\"wp-block-uagb-advanced-heading uagb-block-037945bd\"><h3 class=\"uagb-heading-text\">Metaverso<\/h3><\/div>\n<\/div>\n<\/div>\n<\/div><\/div>\n\n\n\n<div id=\"about-me\" class=\"wp-block-uagb-container uagb-block-0b4bdc26 alignfull uagb-is-root-container\"><div class=\"uagb-container-inner-blocks-wrap\">\n<div class=\"wp-block-uagb-container uagb-block-42e10a6e\">\n<div class=\"wp-block-uagb-advanced-heading uagb-block-12aec245\"><h2 class=\"uagb-heading-text\">Sobre COOP<\/h2><\/div>\n\n\n\n<div class=\"wp-block-uagb-container uagb-block-ea612039\">\n<div class=\"wp-block-uagb-container uagb-block-1a1bdfae\">\n<p class=\"has-medium-font-size\">En nuestra plataforma, exploramos diversos temas de gran relevancia para la actualidad . Somos un equipo apasionado por desvelar los secretos de las nuevas tecnologias y compartirlo contigo de manera clara y din\u00e1mica.<\/p>\n\n\n\n<p style=\"font-size:18px\">Desde lo b\u00e1sico hasta lo avanzado, te llevamos en un viaje de aprendizaje en el que podr\u00e1s sumergirte en finanzas digitales, NFT&#8217;s, metaversos y la revolucionaria Web 3.0.<\/p>\n<\/div>\n\n\n\n<div class=\"wp-block-uagb-container uagb-block-936159c2\">\n<div class=\"wp-block-uagb-advanced-heading uagb-block-bf08f3dc\"><h6 class=\"uagb-heading-text\">S\u00edguenos \ud83d\udc47\ud83c\udffc <a href=\"https:\/\/websitedemos.net\/vlogger-02\/#\"><\/a><\/h6><\/div>\n\n\n\n<div class=\"wp-block-uagb-icon-list uagb-block-ace9d3d0\"><div class=\"uagb-icon-list__wrap\">\n<div class=\"wp-block-uagb-icon-list-child uagb-block-7bfa015d\"><a target=\"_blank\" aria-label=\"Spotify\" rel=\"noopener noreferrer\" href=\"https:\/\/open.spotify.com\/show\/2oubudw4oxp3KGpALiYXkk?si=2dca1145bd734117\"> <\/a><span class=\"uagb-icon-list__label\">Spotify<\/span><\/div>\n\n\n\n<div class=\"wp-block-uagb-icon-list-child uagb-block-87ab61eb\"><a target=\"_blank\" aria-label=\"Youtube\" rel=\"noopener noreferrer\" href=\"https:\/\/www.youtube.com\/channel\/UCrq-qrRYE3s17dJJq3TWunA\"> <\/a><span class=\"uagb-icon-list__label\">Youtube<\/span><\/div>\n\n\n\n<div class=\"wp-block-uagb-icon-list-child uagb-block-02379ab1\"><a target=\"_blank\" aria-label=\"Instagram\" rel=\"noopener noreferrer\" href=\"https:\/\/www.instagram.com\/criptoopedia\/\"> <\/a><span class=\"uagb-icon-list__label\">Instagram<\/span><\/div>\n\n\n\n<div class=\"wp-block-uagb-icon-list-child uagb-block-dc6802f2\"><a target=\"_blank\" aria-label=\"TikTok\" rel=\"noopener noreferrer\" href=\"https:\/\/www.tiktok.com\/@criptoopedia#\"> <\/a><span class=\"uagb-icon-list__label\">TikTok<\/span><\/div>\n\n\n\n<div class=\"wp-block-uagb-icon-list-child uagb-block-0435ce4a\"><a target=\"_blank\" aria-label=\"Facebook\" rel=\"noopener noreferrer\" href=\"https:\/\/www.facebook.com\/Criptoopedia#\"> <\/a><span class=\"uagb-icon-list__label\">Facebook<\/span><\/div>\n<\/div><\/div>\n<\/div>\n<\/div>\n<\/div>\n\n\n\n<div class=\"wp-block-uagb-container uagb-block-65e257db\">\n<div class=\"wp-block-uagb-advanced-heading uagb-block-dc983b2a\"><h2 class=\"uagb-heading-text\">Miercoles<\/h2><p class=\"uagb-desc-text\">ESTRENOS<\/p><\/div>\n\n\n\n<div class=\"wp-block-uagb-container uagb-block-a5c93c5f\">\n<div class=\"wp-block-uagb-advanced-heading uagb-block-7914f0c4\"><h2 class=\"uagb-heading-text\">+300<\/h2><p class=\"uagb-desc-text\">SUSCRIPTORES<\/p><\/div>\n<\/div>\n\n\n\n<div class=\"wp-block-uagb-container uagb-block-6f376405\">\n<div class=\"wp-block-uagb-advanced-heading uagb-block-fb2d90a1\"><h2 class=\"uagb-heading-text\">7<\/h2><p class=\"uagb-desc-text\">Episodios<\/p><\/div>\n<\/div>\n<\/div>\n<\/div><\/div>\n\n\n\n<div id=\"gears\" class=\"wp-block-uagb-container uagb-block-351c855f alignfull uagb-is-root-container\"><div class=\"uagb-container-inner-blocks-wrap\">\n<div class=\"wp-block-uagb-container uagb-block-9dd534eb\">\n<div class=\"wp-block-uagb-image uagb-block-44cc887e wp-block-uagb-image--layout-default wp-block-uagb-image--effect-static wp-block-uagb-image--align-none\"><figure class=\"wp-block-uagb-image__figure\"><img decoding=\"async\" srcset=\"https:\/\/criptoopedia.com\/wp-content\/uploads\/2023\/08\/coop-banner-big-670x1024.png \" sizes=\"(max-width: 480px) 150px\" src=\"https:\/\/criptoopedia.com\/wp-content\/uploads\/2023\/08\/coop-banner-big-670x1024.png\" alt=\"\" class=\"uag-image-695\" width=\"670\" height=\"1024\" title=\"\" loading=\"lazy\" role=\"img\"\/><\/figure><\/div>\n<\/div>\n\n\n\n<div class=\"wp-block-uagb-container uagb-block-bc61d2ff\">\n<div class=\"wp-block-uagb-advanced-heading uagb-block-3f173e4e\"><h6 class=\"uagb-heading-text\">\u200b01.FINANZAS<\/h6><\/div>\n\n\n\n<div class=\"wp-block-uagb-container uagb-block-d568f97b\">\n<div class=\"wp-block-uagb-advanced-heading uagb-block-0809f9e3\"><h4 class=\"uagb-heading-text\">Viajemos desde el origen del dinero hasta las nuevas tecnolog\u00edas !<\/h4><div class=\"uagb-separator\"><\/div><\/div>\n<\/div>\n\n\n\n<div class=\"wp-block-uagb-container uagb-block-84f9ab17\">\n<div class=\"wp-block-uagb-advanced-heading uagb-block-34f4983e\"><h6 class=\"uagb-heading-text\">02. BLOCKCHAIN<\/h6><\/div>\n\n\n\n<div class=\"wp-block-uagb-advanced-heading uagb-block-4a3baa75\"><h4 class=\"uagb-heading-text\">La revoluci\u00f3n tecnol\u00f3gica que cambiar\u00e1 el mundo financiero. Una red descentralizada y segura para realizar transacciones de manera transparente.<\/h4><div class=\"uagb-separator\"><\/div><\/div>\n<\/div>\n\n\n\n<div class=\"wp-block-uagb-container uagb-block-d5fc272b\">\n<div class=\"wp-block-uagb-advanced-heading uagb-block-25ea5728\"><h6 class=\"uagb-heading-text\">03. WEB 3.0<\/h6><\/div>\n\n\n\n<div class=\"wp-block-uagb-advanced-heading uagb-block-a6aadf3f\"><h4 class=\"uagb-heading-text\">La nueva era de internet que promete descentralizaci\u00f3n y libertad. Descubre c\u00f3mo la tecnolog\u00eda blockchain y las criptomonedas est\u00e1n transformando la web. <\/h4><div class=\"uagb-separator\"><\/div><\/div>\n<\/div>\n\n\n\n<div class=\"wp-block-uagb-container uagb-block-d6d61e93\">\n<div class=\"wp-block-uagb-advanced-heading uagb-block-8d8ef3e8\"><h6 class=\"uagb-heading-text\">04. Nft\u00b4s<\/h6><\/div>\n\n\n\n<div class=\"wp-block-uagb-advanced-heading uagb-block-24c66511\"><h4 class=\"uagb-heading-text\">\u00a1Arte y activos digitales \u00fanicos en la blockchain! Explora el mundo de las piezas exclusivas que est\u00e1n cambiando la forma de poseer y comerciar en l\u00ednea.<\/h4><div class=\"uagb-separator\"><\/div><\/div>\n<\/div>\n\n\n\n<div class=\"wp-block-uagb-container uagb-block-10af1d46\">\n<div class=\"wp-block-uagb-advanced-heading uagb-block-f2fb3b81\"><h6 class=\"uagb-heading-text\">05. Metaverso<\/h6><\/div>\n\n\n\n<div class=\"wp-block-uagb-advanced-heading uagb-block-3b97a4c8\"><h4 class=\"uagb-heading-text\">Nuevos mundos digitales! Crea experiencias inmersivas y revoluciona la interacci\u00f3n en l\u00ednea. Explora un universo virtual lleno de posibilidades. <\/h4><div class=\"uagb-separator\"><\/div><\/div>\n<\/div>\n<\/div>\n<\/div><\/div>\n\n\n\n<div id=\"contact-me\" class=\"wp-block-uagb-container uagb-block-66912fbf alignfull uagb-is-root-container\"><div class=\"uagb-container-inner-blocks-wrap\">\n<div class=\"wp-block-uagb-container uagb-block-9ba60793\">\n<div class=\"wp-block-uagb-advanced-heading uagb-block-d5fe6230\"><h4 class=\"uagb-heading-text\">Me encanta colaborar y crear contenido incre\u00edble. \u00a1Hablemos!<\/h4><div class=\"uagb-separator\"><\/div><\/div>\n\n\n\n<div class=\"wp-block-uagb-advanced-heading uagb-block-dd6ce528\"><h6 class=\"uagb-heading-text\">Informacion de contacto<\/h6><\/div>\n\n\n\n<div class=\"wp-block-uagb-advanced-heading uagb-block-ff31decd\"><h6 class=\"uagb-heading-text\"><a href=\"https:\/\/websitedemos.net\/vlogger-02\/?abc=123#\">info@criptoopedia.com<\/a><\/h6><\/div>\n<\/div>\n\n\n\n<div class=\"wp-block-uagb-container uagb-block-f40221f9\">\n<div class=\"wp-block-uagb-advanced-heading uagb-block-96b9a4e0\"><h6 class=\"uagb-heading-text\">Cont\u00e1ctanos <\/h6><\/div>\n\n\n<div class=\"wpforms-container wpforms-block wpforms-block-79cbaeb8-20fb-4577-a36d-564e320fa02d\" id=\"wpforms-5\"><form id=\"wpforms-form-5\" class=\"wpforms-validate wpforms-form wpforms-ajax-form\" data-formid=\"5\" method=\"post\" enctype=\"multipart\/form-data\" action=\"\/index.php\/wp-json\/wp\/v2\/pages\/28\" data-token=\"6b78de914903631da171c8564bde7e69\" data-token-time=\"1776608152\"><noscript class=\"wpforms-error-noscript\">Por favor, activa JavaScript en tu navegador para completar este formulario.<\/noscript><div class=\"wpforms-field-container\"><div id=\"wpforms-5-field_1-container\" class=\"wpforms-field wpforms-field-name\" data-field-id=\"1\"><label class=\"wpforms-field-label wpforms-label-hide\" for=\"wpforms-5-field_1\">Name <span class=\"wpforms-required-label\">*<\/span><\/label><input type=\"text\" id=\"wpforms-5-field_1\" class=\"wpforms-field-large wpforms-field-required\" name=\"wpforms[fields][1]\" placeholder=\"Full Name\" required><\/div><div id=\"wpforms-5-field_2-container\" class=\"wpforms-field wpforms-field-email\" data-field-id=\"2\"><label class=\"wpforms-field-label wpforms-label-hide\" for=\"wpforms-5-field_2\">Email <span class=\"wpforms-required-label\">*<\/span><\/label><input type=\"email\" id=\"wpforms-5-field_2\" class=\"wpforms-field-large wpforms-field-required\" name=\"wpforms[fields][2]\" placeholder=\"Email Address\" spellcheck=\"false\" required><\/div><div id=\"wpforms-5-field_3-container\" class=\"wpforms-field wpforms-field-text\" data-field-id=\"3\"><label class=\"wpforms-field-label wpforms-label-hide\" for=\"wpforms-5-field_3\">Subject<\/label><input type=\"text\" id=\"wpforms-5-field_3\" class=\"wpforms-field-large\" name=\"wpforms[fields][3]\" placeholder=\"Subject\" ><\/div><div id=\"wpforms-5-field_4-container\" class=\"wpforms-field wpforms-field-textarea\" data-field-id=\"4\"><label class=\"wpforms-field-label wpforms-label-hide\" for=\"wpforms-5-field_4\">Message<\/label><textarea id=\"wpforms-5-field_4\" class=\"wpforms-field-medium\" name=\"wpforms[fields][4]\" placeholder=\"Your Message\" ><\/textarea><\/div><\/div><!-- .wpforms-field-container --><div class=\"wpforms-submit-container\" ><input type=\"hidden\" name=\"wpforms[id]\" value=\"5\"><input type=\"hidden\" name=\"page_title\" value=\"\"><input type=\"hidden\" name=\"page_url\" value=\"https:\/\/criptoopedia.com\/index.php\/wp-json\/wp\/v2\/pages\/28\"><input type=\"hidden\" name=\"url_referer\" value=\"https:\/\/criptoopedia.com\/\"><button type=\"submit\" name=\"wpforms[submit]\" id=\"wpforms-submit-5\" class=\"wpforms-submit\" data-alt-text=\"Sending...\" data-submit-text=\"Send Message\" aria-live=\"assertive\" value=\"wpforms-submit\">Send Message<\/button><img loading=\"lazy\" decoding=\"async\" src=\"https:\/\/criptoopedia.com\/wp-content\/plugins\/wpforms-lite\/assets\/images\/submit-spin.svg\" class=\"wpforms-submit-spinner\" style=\"display: none;\" width=\"26\" height=\"26\" alt=\"Cargando\"><\/div><\/form><\/div>  <!-- .wpforms-container --><\/div>\n<\/div><\/div>\n","protected":false},"excerpt":{"rendered":"<p>CRIPTOOPEDIA Aqui hablamos sobre&#8230; Finanzas \u200bCrypto I.A Blockchain NFT\u00b4s Web 3.0 Metaverso Sobre COOP En nuestra plataforma, exploramos diversos temas de gran relevancia para la actualidad . Somos un equipo apasionado por desvelar los secretos de las nuevas tecnologias y compartirlo contigo de manera clara y din\u00e1mica. Desde lo b\u00e1sico hasta lo avanzado, te llevamos [&hellip;]<\/p>\n","protected":false},"author":1,"featured_media":0,"parent":0,"menu_order":0,"comment_status":"closed","ping_status":"closed","template":"","meta":{"_uag_custom_page_level_css":"","site-sidebar-layout":"default","site-content-layout":"default","ast-site-content-layout":"default","site-content-style":"default","site-sidebar-style":"default","ast-global-header-display":"","ast-banner-title-visibility":"","ast-main-header-display":"","ast-hfb-above-header-display":"","ast-hfb-below-header-display":"","ast-hfb-mobile-header-display":"","site-post-title":"disabled","ast-breadcrumbs-content":"","ast-featured-img":"","footer-sml-layout":"","theme-transparent-header-meta":"enabled","adv-header-id-meta":"","stick-header-meta":"","header-above-stick-meta":"","header-main-stick-meta":"","header-below-stick-meta":"","astra-migrate-meta-layouts":"set","ast-page-background-enabled":"default","ast-page-background-meta":{"desktop":{"background-color":"var(--ast-global-color-4)","background-image":"","background-repeat":"repeat","background-position":"center center","background-size":"auto","background-attachment":"scroll","background-type":"","background-media":"","overlay-type":"","overlay-color":"","overlay-opacity":"","overlay-gradient":""},"tablet":{"background-color":"","background-image":"","background-repeat":"repeat","background-position":"center center","background-size":"auto","background-attachment":"scroll","background-type":"","background-media":"","overlay-type":"","overlay-color":"","overlay-opacity":"","overlay-gradient":""},"mobile":{"background-color":"","background-image":"","background-repeat":"repeat","background-position":"center center","background-size":"auto","background-attachment":"scroll","background-type":"","background-media":"","overlay-type":"","overlay-color":"","overlay-opacity":"","overlay-gradient":""}},"ast-content-background-meta":{"desktop":{"background-color":"var(--ast-global-color-5)","background-image":"","background-repeat":"repeat","background-position":"center center","background-size":"auto","background-attachment":"scroll","background-type":"","background-media":"","overlay-type":"","overlay-color":"","overlay-opacity":"","overlay-gradient":""},"tablet":{"background-color":"var(--ast-global-color-5)","background-image":"","background-repeat":"repeat","background-position":"center center","background-size":"auto","background-attachment":"scroll","background-type":"","background-media":"","overlay-type":"","overlay-color":"","overlay-opacity":"","overlay-gradient":""},"mobile":{"background-color":"var(--ast-global-color-5)","background-image":"","background-repeat":"repeat","background-position":"center center","background-size":"auto","background-attachment":"scroll","background-type":"","background-media":"","overlay-type":"","overlay-color":"","overlay-opacity":"","overlay-gradient":""}},"footnotes":""},"class_list":["post-28","page","type-page","status-publish","hentry"],"uagb_featured_image_src":{"full":false,"thumbnail":false,"medium":false,"medium_large":false,"large":false,"1536x1536":false,"2048x2048":false},"uagb_author_info":{"display_name":"edgarramzu","author_link":"https:\/\/criptoopedia.com\/index.php\/author\/edgarramzu\/"},"uagb_comment_info":0,"uagb_excerpt":"CRIPTOOPEDIA Aqui hablamos sobre&#8230; Finanzas \u200bCrypto I.A Blockchain NFT\u00b4s Web 3.0 Metaverso Sobre COOP En nuestra plataforma, exploramos diversos temas de gran relevancia para la actualidad . Somos un equipo apasionado por desvelar los secretos de las nuevas tecnologias y compartirlo contigo de manera clara y din\u00e1mica. Desde lo b\u00e1sico hasta lo avanzado, te llevamos&hellip;","_links":{"self":[{"href":"https:\/\/criptoopedia.com\/index.php\/wp-json\/wp\/v2\/pages\/28"}],"collection":[{"href":"https:\/\/criptoopedia.com\/index.php\/wp-json\/wp\/v2\/pages"}],"about":[{"href":"https:\/\/criptoopedia.com\/index.php\/wp-json\/wp\/v2\/types\/page"}],"author":[{"embeddable":true,"href":"https:\/\/criptoopedia.com\/index.php\/wp-json\/wp\/v2\/users\/1"}],"replies":[{"embeddable":true,"href":"https:\/\/criptoopedia.com\/index.php\/wp-json\/wp\/v2\/comments?post=28"}],"version-history":[{"count":38,"href":"https:\/\/criptoopedia.com\/index.php\/wp-json\/wp\/v2\/pages\/28\/revisions"}],"predecessor-version":[{"id":754,"href":"https:\/\/criptoopedia.com\/index.php\/wp-json\/wp\/v2\/pages\/28\/revisions\/754"}],"wp:attachment":[{"href":"https:\/\/criptoopedia.com\/index.php\/wp-json\/wp\/v2\/media?parent=28"}],"curies":[{"name":"wp","href":"https:\/\/api.w.org\/{rel}","templated":true}]}}